{"id":28,"date":"2024-05-10T12:48:26","date_gmt":"2024-05-10T12:48:26","guid":{"rendered":"http:\/\/nemesisarch.com\/?page_id=28"},"modified":"2024-07-15T15:06:52","modified_gmt":"2024-07-15T13:06:52","slug":"escuelas-y-didactica","status":"publish","type":"page","link":"https:\/\/nemesisarch.com\/es\/escuelas-y-didactica\/","title":{"rendered":"Did\u00e1ctica"},"content":{"rendered":"<div id=\"cs-content\" class=\"cs-content\"><\/div>\n","protected":false},"excerpt":{"rendered":"<p>Did\u00e1ctica La difusi\u00f3n de la cultura y la did\u00e1ctica del patrimonio son la base de NEMESIS ARQUEOLOGIA I DIFUSI\u00d3 CULTURAL. Desde hace m\u00e1s de 25 a\u00f1os realizamos actividades dirigidas a escuelas e institutos que fundamentamos en las experiencias que se obtienen ante un monumento hist\u00f3rico o al manipular materiales y elementos propios de otras \u00e9pocas. Todas nuestras visitas culturales y &#8230; <\/p>\n<div><a href=\"https:\/\/nemesisarch.com\/es\/escuelas-y-didactica\/\" class=\"more-link\">Read More<\/a><\/div>\n","protected":false},"author":1,"featured_media":0,"parent":0,"menu_order":0,"comment_status":"closed","ping_status":"closed","template":"template-blank-4.php","meta":{"footnotes":""},"class_list":["post-28","page","type-page","status-publish","hentry","no-post-thumbnail"],"_links":{"self":[{"href":"https:\/\/nemesisarch.com\/es\/wp-json\/wp\/v2\/pages\/28","targetHints":{"allow":["GET"]}}],"collection":[{"href":"https:\/\/nemesisarch.com\/es\/wp-json\/wp\/v2\/pages"}],"about":[{"href":"https:\/\/nemesisarch.com\/es\/wp-json\/wp\/v2\/types\/page"}],"author":[{"embeddable":true,"href":"https:\/\/nemesisarch.com\/es\/wp-json\/wp\/v2\/users\/1"}],"replies":[{"embeddable":true,"href":"https:\/\/nemesisarch.com\/es\/wp-json\/wp\/v2\/comments?post=28"}],"version-history":[{"count":0,"href":"https:\/\/nemesisarch.com\/es\/wp-json\/wp\/v2\/pages\/28\/revisions"}],"wp:attachment":[{"href":"https:\/\/nemesisarch.com\/es\/wp-json\/wp\/v2\/media?parent=28"}],"curies":[{"name":"wp","href":"https:\/\/api.w.org\/{rel}","templated":true}]}}