{"id":24,"date":"2024-05-10T12:47:20","date_gmt":"2024-05-10T12:47:20","guid":{"rendered":"http:\/\/nemesisarch.com\/?page_id=24"},"modified":"2024-07-15T15:05:52","modified_gmt":"2024-07-15T13:05:52","slug":"reconstruccion-historica","status":"publish","type":"page","link":"https:\/\/nemesisarch.com\/es\/reconstruccion-historica\/","title":{"rendered":"Reconstrucci\u00f3n Hist\u00f3rica"},"content":{"rendered":"<div id=\"cs-content\" class=\"cs-content\"><\/div>\n","protected":false},"excerpt":{"rendered":"<p>Reconstrucci\u00f3n Hist\u00f3rica La reconstrucci\u00f3n hist\u00f3rica o re-enactment es una actividad cultural que se basa en la recreaci\u00f3n de formas de vida pasadas, mostrando situaciones y objetos propios de aquel momento. NEMESIS ARQUEOLOGIA I DIFUSI\u00d3 CULTURAL participa en las Jornadas Internacionales de Reconstrucci\u00f3n Hist\u00f3rica\u00a0TARRACO VIVA\u00a0(Tarragona) desde su primera edici\u00f3n en 1999. Este festival hist\u00f3rico sobre la \u00e9poca romana es, en la &#8230; <\/p>\n<div><a href=\"https:\/\/nemesisarch.com\/es\/reconstruccion-historica\/\" class=\"more-link\">Read More<\/a><\/div>\n","protected":false},"author":1,"featured_media":0,"parent":0,"menu_order":0,"comment_status":"closed","ping_status":"closed","template":"template-blank-4.php","meta":{"footnotes":""},"class_list":["post-24","page","type-page","status-publish","hentry","no-post-thumbnail"],"_links":{"self":[{"href":"https:\/\/nemesisarch.com\/es\/wp-json\/wp\/v2\/pages\/24","targetHints":{"allow":["GET"]}}],"collection":[{"href":"https:\/\/nemesisarch.com\/es\/wp-json\/wp\/v2\/pages"}],"about":[{"href":"https:\/\/nemesisarch.com\/es\/wp-json\/wp\/v2\/types\/page"}],"author":[{"embeddable":true,"href":"https:\/\/nemesisarch.com\/es\/wp-json\/wp\/v2\/users\/1"}],"replies":[{"embeddable":true,"href":"https:\/\/nemesisarch.com\/es\/wp-json\/wp\/v2\/comments?post=24"}],"version-history":[{"count":0,"href":"https:\/\/nemesisarch.com\/es\/wp-json\/wp\/v2\/pages\/24\/revisions"}],"wp:attachment":[{"href":"https:\/\/nemesisarch.com\/es\/wp-json\/wp\/v2\/media?parent=24"}],"curies":[{"name":"wp","href":"https:\/\/api.w.org\/{rel}","templated":true}]}}