{"id":22,"date":"2024-05-10T12:46:09","date_gmt":"2024-05-10T12:46:09","guid":{"rendered":"http:\/\/nemesisarch.com\/?page_id=22"},"modified":"2024-07-15T15:04:38","modified_gmt":"2024-07-15T13:04:38","slug":"visitas-culturales","status":"publish","type":"page","link":"https:\/\/nemesisarch.com\/es\/visitas-culturales\/","title":{"rendered":"Visitas Culturales"},"content":{"rendered":"<div id=\"cs-content\" class=\"cs-content\"><\/div>\n","protected":false},"excerpt":{"rendered":"<p>Visitas Culturales M\u00e1s de 25 a\u00f1os de trabajo arqueol\u00f3gico directo sobre el patrimonio hist\u00f3rico y cultural de la ciudad de Tarragona y sus alrededores avalan las rutas guiadas de NEMESIS ARQUEOLOGIA I DIFUSI\u00d3 CULTURAL. Os ofrecemos visitas con contenidos de alta calidad, realizadas por arque\u00f3logas y gu\u00edas habilitadas por el Departament de Turisme de la Generalitat de Catalunya que conocen &#8230; <\/p>\n<div><a href=\"https:\/\/nemesisarch.com\/es\/visitas-culturales\/\" class=\"more-link\">Read More<\/a><\/div>\n","protected":false},"author":1,"featured_media":0,"parent":0,"menu_order":0,"comment_status":"closed","ping_status":"closed","template":"template-blank-4.php","meta":{"footnotes":""},"class_list":["post-22","page","type-page","status-publish","hentry","no-post-thumbnail"],"_links":{"self":[{"href":"https:\/\/nemesisarch.com\/es\/wp-json\/wp\/v2\/pages\/22","targetHints":{"allow":["GET"]}}],"collection":[{"href":"https:\/\/nemesisarch.com\/es\/wp-json\/wp\/v2\/pages"}],"about":[{"href":"https:\/\/nemesisarch.com\/es\/wp-json\/wp\/v2\/types\/page"}],"author":[{"embeddable":true,"href":"https:\/\/nemesisarch.com\/es\/wp-json\/wp\/v2\/users\/1"}],"replies":[{"embeddable":true,"href":"https:\/\/nemesisarch.com\/es\/wp-json\/wp\/v2\/comments?post=22"}],"version-history":[{"count":0,"href":"https:\/\/nemesisarch.com\/es\/wp-json\/wp\/v2\/pages\/22\/revisions"}],"wp:attachment":[{"href":"https:\/\/nemesisarch.com\/es\/wp-json\/wp\/v2\/media?parent=22"}],"curies":[{"name":"wp","href":"https:\/\/api.w.org\/{rel}","templated":true}]}}