{"id":20,"date":"2024-05-10T12:45:50","date_gmt":"2024-05-10T12:45:50","guid":{"rendered":"http:\/\/nemesisarch.com\/?page_id=20"},"modified":"2024-07-15T14:29:12","modified_gmt":"2024-07-15T12:29:12","slug":"arqueologia","status":"publish","type":"page","link":"https:\/\/nemesisarch.com\/es\/arqueologia\/","title":{"rendered":"Arqueolog\u00eda"},"content":{"rendered":"<div id=\"cs-content\" class=\"cs-content\"><\/div>\n","protected":false},"excerpt":{"rendered":"<p>Arqueolog\u00eda NEMESIS ARQUEOLOGIA I DIFUSI\u00d3 CULTURAL se crea en el a\u00f1o 1999 como empresa spin off de la Universidad Rovira i Virgili de Tarragona. En la actualidad, NEMESIS ARQUEOLOGIA I DIFUSI\u00d3 CULTURAL cuenta con una amplia experiencia, ya que desde su creaci\u00f3n ha llevado a cabo m\u00e1s de 500 obras de excavaci\u00f3n y seguimiento arqueol\u00f3gico en Catalu\u00f1a y Baleares. Algunas &#8230; <\/p>\n<div><a href=\"https:\/\/nemesisarch.com\/es\/arqueologia\/\" class=\"more-link\">Read More<\/a><\/div>\n","protected":false},"author":1,"featured_media":0,"parent":0,"menu_order":0,"comment_status":"closed","ping_status":"closed","template":"template-blank-4.php","meta":{"footnotes":""},"class_list":["post-20","page","type-page","status-publish","hentry","no-post-thumbnail"],"_links":{"self":[{"href":"https:\/\/nemesisarch.com\/es\/wp-json\/wp\/v2\/pages\/20","targetHints":{"allow":["GET"]}}],"collection":[{"href":"https:\/\/nemesisarch.com\/es\/wp-json\/wp\/v2\/pages"}],"about":[{"href":"https:\/\/nemesisarch.com\/es\/wp-json\/wp\/v2\/types\/page"}],"author":[{"embeddable":true,"href":"https:\/\/nemesisarch.com\/es\/wp-json\/wp\/v2\/users\/1"}],"replies":[{"embeddable":true,"href":"https:\/\/nemesisarch.com\/es\/wp-json\/wp\/v2\/comments?post=20"}],"version-history":[{"count":0,"href":"https:\/\/nemesisarch.com\/es\/wp-json\/wp\/v2\/pages\/20\/revisions"}],"wp:attachment":[{"href":"https:\/\/nemesisarch.com\/es\/wp-json\/wp\/v2\/media?parent=20"}],"curies":[{"name":"wp","href":"https:\/\/api.w.org\/{rel}","templated":true}]}}