{"id":12,"date":"2024-05-10T12:43:47","date_gmt":"2024-05-10T12:43:47","guid":{"rendered":"http:\/\/nemesisarch.com\/?page_id=12"},"modified":"2026-03-19T13:51:49","modified_gmt":"2026-03-19T12:51:49","slug":"nemesis-arqueologia-y-difusion-cultural","status":"publish","type":"page","link":"https:\/\/nemesisarch.com\/es\/","title":{"rendered":"Nemesis arqueolog\u00eda y difusi\u00f3n cultural"},"content":{"rendered":"<div id=\"cs-content\" class=\"cs-content\"><\/div>\n","protected":false},"excerpt":{"rendered":"<p>Somos\u00a0NEMESIS ARQUEOLOGIA I DIFUSI\u00d3 CULTURAL, una empresa dedicada a la realizaci\u00f3n de trabajos arqueol\u00f3gicos y de divulgaci\u00f3n del patrimonio ubicada en la ciudad de Tarragona.Arqueolog\u00eda Visitas Culturales Recostrucci&oacute;n hist&oacute;rica Escuelas y Did\u00e1ctica Empresas y Team Building<\/p>\n","protected":false},"author":1,"featured_media":102,"parent":0,"menu_order":0,"comment_status":"closed","ping_status":"closed","template":"template-blank-4.php","meta":{"footnotes":""},"class_list":["post-12","page","type-page","status-publish","has-post-thumbnail","hentry"],"_links":{"self":[{"href":"https:\/\/nemesisarch.com\/es\/wp-json\/wp\/v2\/pages\/12","targetHints":{"allow":["GET"]}}],"collection":[{"href":"https:\/\/nemesisarch.com\/es\/wp-json\/wp\/v2\/pages"}],"about":[{"href":"https:\/\/nemesisarch.com\/es\/wp-json\/wp\/v2\/types\/page"}],"author":[{"embeddable":true,"href":"https:\/\/nemesisarch.com\/es\/wp-json\/wp\/v2\/users\/1"}],"replies":[{"embeddable":true,"href":"https:\/\/nemesisarch.com\/es\/wp-json\/wp\/v2\/comments?post=12"}],"version-history":[{"count":0,"href":"https:\/\/nemesisarch.com\/es\/wp-json\/wp\/v2\/pages\/12\/revisions"}],"wp:featuredmedia":[{"embeddable":true,"href":"https:\/\/nemesisarch.com\/es\/wp-json\/wp\/v2\/media\/102"}],"wp:attachment":[{"href":"https:\/\/nemesisarch.com\/es\/wp-json\/wp\/v2\/media?parent=12"}],"curies":[{"name":"wp","href":"https:\/\/api.w.org\/{rel}","templated":true}]}}