{"id":445,"date":"2024-05-10T12:47:20","date_gmt":"2024-05-10T10:47:20","guid":{"rendered":"http:\/\/nemesisarch.com?page_id=445"},"modified":"2026-03-19T13:51:20","modified_gmt":"2026-03-19T12:51:20","slug":"historical-reconstruction","status":"publish","type":"page","link":"https:\/\/nemesisarch.com\/en\/historical-reconstruction\/","title":{"rendered":"Historical Reconstruction"},"content":{"rendered":"<div id=\"cs-content\" class=\"cs-content\"><\/div>\n","protected":false},"excerpt":{"rendered":"<p>Historical Reconstruction Historical reconstruction is a cultural activity based on the recreation of past lives, events and objects of a particular moment in time. NEMESIS ARQUEOLOGIA I DIFUSI\u00d3 CULTURAL has been part of the Jornadas Internacionales de Reconstrucci\u00f3n Hist\u00f3rica TARRACO VIVA (Tarragona) from its very first edition in 1999. Tarraco Viva is a festival exploring Roman history, and is currently &#8230; <\/p>\n<div><a href=\"https:\/\/nemesisarch.com\/en\/historical-reconstruction\/\" class=\"more-link\">Read More<\/a><\/div>\n","protected":false},"author":1,"featured_media":0,"parent":0,"menu_order":0,"comment_status":"closed","ping_status":"closed","template":"template-blank-4.php","meta":{"footnotes":""},"class_list":["post-445","page","type-page","status-publish","hentry","no-post-thumbnail"],"_links":{"self":[{"href":"https:\/\/nemesisarch.com\/en\/wp-json\/wp\/v2\/pages\/445","targetHints":{"allow":["GET"]}}],"collection":[{"href":"https:\/\/nemesisarch.com\/en\/wp-json\/wp\/v2\/pages"}],"about":[{"href":"https:\/\/nemesisarch.com\/en\/wp-json\/wp\/v2\/types\/page"}],"author":[{"embeddable":true,"href":"https:\/\/nemesisarch.com\/en\/wp-json\/wp\/v2\/users\/1"}],"replies":[{"embeddable":true,"href":"https:\/\/nemesisarch.com\/en\/wp-json\/wp\/v2\/comments?post=445"}],"version-history":[{"count":0,"href":"https:\/\/nemesisarch.com\/en\/wp-json\/wp\/v2\/pages\/445\/revisions"}],"wp:attachment":[{"href":"https:\/\/nemesisarch.com\/en\/wp-json\/wp\/v2\/media?parent=445"}],"curies":[{"name":"wp","href":"https:\/\/api.w.org\/{rel}","templated":true}]}}